{"id":1408,"date":"2024-03-17T20:14:30","date_gmt":"2024-03-17T19:14:30","guid":{"rendered":"https:\/\/tennis-club-arcachon.com\/club\/?page_id=1408"},"modified":"2025-04-18T17:55:24","modified_gmt":"2025-04-18T15:55:24","slug":"ol-accueil","status":"publish","type":"page","link":"https:\/\/tennis-club-arcachon.com\/club\/ol-accueil\/","title":{"rendered":"Ol Accueil"},"content":{"rendered":"\t\t<div data-elementor-type=\"wp-page\" data-elementor-id=\"1408\" class=\"elementor elementor-1408\" data-elementor-settings=\"{&quot;ha_cmc_init_switcher&quot;:&quot;no&quot;}\" data-elementor-post-type=\"page\">\n\t\t\t\t<div class=\"elementor-element elementor-element-dc6926d e-flex e-con-boxed e-con e-parent\" data-id=\"dc6926d\" data-element_type=\"container\" data-e-type=\"container\" data-settings=\"{&quot;background_background&quot;:&quot;classic&quot;}\">\n\t\t\t\t\t<div class=\"e-con-inner\">\n\t\t\t\t<div class=\"elementor-element elementor-element-0f96283 elementor-widget elementor-widget-shortcode\" data-id=\"0f96283\" data-element_type=\"widget\" data-e-type=\"widget\" data-widget_type=\"shortcode.default\">\n\t\t\t\t\t\t\t<div class=\"elementor-shortcode\">\t\t<div data-elementor-type=\"page\" data-elementor-id=\"1495\" class=\"elementor elementor-1495\" data-elementor-settings=\"{&quot;ha_cmc_init_switcher&quot;:&quot;no&quot;}\" data-elementor-post-type=\"elementor_library\">\n\t\t\t\t<div class=\"elementor-element elementor-element-785a9bf7 e-flex e-con-boxed e-con e-parent\" data-id=\"785a9bf7\" data-element_type=\"container\" data-e-type=\"container\" data-settings=\"{&quot;background_background&quot;:&quot;classic&quot;}\">\n\t\t\t\t\t<div class=\"e-con-inner\">\n\t\t\t\t<div class=\"elementor-element elementor-element-328b63eb elementor-nav-menu__align-center elementor-widget__width-inherit elementor-nav-menu--dropdown-tablet elementor-nav-menu__text-align-aside elementor-nav-menu--toggle elementor-nav-menu--burger elementor-widget elementor-widget-nav-menu\" data-id=\"328b63eb\" data-element_type=\"widget\" data-e-type=\"widget\" data-settings=\"{&quot;layout&quot;:&quot;horizontal&quot;,&quot;submenu_icon&quot;:{&quot;value&quot;:&quot;&lt;svg aria-hidden=\\&quot;true\\&quot; class=\\&quot;e-font-icon-svg e-fas-caret-down\\&quot; viewBox=\\&quot;0 0 320 512\\&quot; xmlns=\\&quot;http:\\\/\\\/www.w3.org\\\/2000\\\/svg\\&quot;&gt;&lt;path d=\\&quot;M31.3 192h257.3c17.8 0 26.7 21.5 14.1 34.1L174.1 354.8c-7.8 7.8-20.5 7.8-28.3 0L17.2 226.1C4.6 213.5 13.5 192 31.3 192z\\&quot;&gt;&lt;\\\/path&gt;&lt;\\\/svg&gt;&quot;,&quot;library&quot;:&quot;fa-solid&quot;},&quot;toggle&quot;:&quot;burger&quot;}\" data-widget_type=\"nav-menu.default\">\n\t\t\t\t\t\t\t\t<nav aria-label=\"Menu\" class=\"elementor-nav-menu--main elementor-nav-menu__container elementor-nav-menu--layout-horizontal e--pointer-underline e--animation-fade\">\n\t\t\t\t<ul id=\"menu-1-328b63eb\" class=\"elementor-nav-menu\"><li class=\"menu-item menu-item-type-post_type menu-item-object-page menu-item-1476\"><a href=\"https:\/\/tennis-club-arcachon.com\/club\/ol-accueil\/\" class=\"elementor-item\">Accueil<\/a><\/li>\n<li class=\"menu-item menu-item-type-post_type menu-item-object-page menu-item-1480\"><a href=\"https:\/\/tennis-club-arcachon.com\/club\/ol-cours\/\" class=\"elementor-item\">Cours<\/a><\/li>\n<li class=\"menu-item menu-item-type-post_type menu-item-object-page menu-item-1479\"><a href=\"https:\/\/tennis-club-arcachon.com\/club\/ol-stages\/\" class=\"elementor-item\">Stages<\/a><\/li>\n<li class=\"menu-item menu-item-type-post_type menu-item-object-page menu-item-1478\"><a href=\"https:\/\/tennis-club-arcachon.com\/club\/ol-contact\/\" class=\"elementor-item\">Contact<\/a><\/li>\n<li class=\"menu-item menu-item-type-custom menu-item-object-custom menu-item-1491\"><a href=\"https:\/\/tennis-club-arcachon.com\/\" class=\"elementor-item\">TCA<\/a><\/li>\n<\/ul>\t\t\t<\/nav>\n\t\t\t\t\t<div class=\"elementor-menu-toggle\" role=\"button\" tabindex=\"0\" aria-label=\"Menu Toggle\" aria-expanded=\"false\">\n\t\t\t<svg aria-hidden=\"true\" role=\"presentation\" class=\"elementor-menu-toggle__icon--open e-font-icon-svg e-eicon-menu-bar\" viewBox=\"0 0 1000 1000\" xmlns=\"http:\/\/www.w3.org\/2000\/svg\"><path d=\"M104 333H896C929 333 958 304 958 271S929 208 896 208H104C71 208 42 237 42 271S71 333 104 333ZM104 583H896C929 583 958 554 958 521S929 458 896 458H104C71 458 42 487 42 521S71 583 104 583ZM104 833H896C929 833 958 804 958 771S929 708 896 708H104C71 708 42 737 42 771S71 833 104 833Z\"><\/path><\/svg><svg aria-hidden=\"true\" role=\"presentation\" class=\"elementor-menu-toggle__icon--close e-font-icon-svg e-eicon-close\" viewBox=\"0 0 1000 1000\" xmlns=\"http:\/\/www.w3.org\/2000\/svg\"><path d=\"M742 167L500 408 258 167C246 154 233 150 217 150 196 150 179 158 167 167 154 179 150 196 150 212 150 229 154 242 171 254L408 500 167 742C138 771 138 800 167 829 196 858 225 858 254 829L496 587 738 829C750 842 767 846 783 846 800 846 817 842 829 829 842 817 846 804 846 783 846 767 842 750 829 737L588 500 833 258C863 229 863 200 833 171 804 137 775 137 742 167Z\"><\/path><\/svg>\t\t<\/div>\n\t\t\t\t\t<nav class=\"elementor-nav-menu--dropdown elementor-nav-menu__container\" aria-hidden=\"true\">\n\t\t\t\t<ul id=\"menu-2-328b63eb\" class=\"elementor-nav-menu\"><li class=\"menu-item menu-item-type-post_type menu-item-object-page menu-item-1476\"><a href=\"https:\/\/tennis-club-arcachon.com\/club\/ol-accueil\/\" class=\"elementor-item\" tabindex=\"-1\">Accueil<\/a><\/li>\n<li class=\"menu-item menu-item-type-post_type menu-item-object-page menu-item-1480\"><a href=\"https:\/\/tennis-club-arcachon.com\/club\/ol-cours\/\" class=\"elementor-item\" tabindex=\"-1\">Cours<\/a><\/li>\n<li class=\"menu-item menu-item-type-post_type menu-item-object-page menu-item-1479\"><a href=\"https:\/\/tennis-club-arcachon.com\/club\/ol-stages\/\" class=\"elementor-item\" tabindex=\"-1\">Stages<\/a><\/li>\n<li class=\"menu-item menu-item-type-post_type menu-item-object-page menu-item-1478\"><a href=\"https:\/\/tennis-club-arcachon.com\/club\/ol-contact\/\" class=\"elementor-item\" tabindex=\"-1\">Contact<\/a><\/li>\n<li class=\"menu-item menu-item-type-custom menu-item-object-custom menu-item-1491\"><a href=\"https:\/\/tennis-club-arcachon.com\/\" class=\"elementor-item\" tabindex=\"-1\">TCA<\/a><\/li>\n<\/ul>\t\t\t<\/nav>\n\t\t\t\t\t\t<\/div>\n\t\t\t\t\t<\/div>\n\t\t\t\t<\/div>\n\t\t\t\t<\/div>\n\t\t<\/div>\n\t\t\t\t\t\t<\/div>\n\t\t\t\t\t<\/div>\n\t\t\t\t<\/div>\n\t\t<div class=\"elementor-element elementor-element-2a75aee e-flex e-con-boxed e-con e-parent\" data-id=\"2a75aee\" data-element_type=\"container\" data-e-type=\"container\">\n\t\t\t\t\t<div class=\"e-con-inner\">\n\t\t<div class=\"elementor-element elementor-element-13f2e86 e-flex e-con-boxed e-con e-child\" data-id=\"13f2e86\" data-element_type=\"container\" data-e-type=\"container\">\n\t\t\t\t\t<div class=\"e-con-inner\">\n\t\t\t\t<div class=\"elementor-element elementor-element-8023dae elementor-widget__width-initial elementor-widget elementor-widget-image\" data-id=\"8023dae\" data-element_type=\"widget\" data-e-type=\"widget\" data-widget_type=\"image.default\">\n\t\t\t\t\t\t\t\t\t\t\t\t\t\t\t<img fetchpriority=\"high\" decoding=\"async\" width=\"800\" height=\"449\" src=\"https:\/\/tennis-club-arcachon.com\/club\/wp-content\/uploads\/2024\/03\/567rtfccctre.webp\" class=\"attachment-large size-large wp-image-1414\" alt=\"\" \/>\t\t\t\t\t\t\t\t\t\t\t\t\t\t\t<\/div>\n\t\t\t\t<div class=\"elementor-element elementor-element-888e028 elementor-widget elementor-widget-image\" data-id=\"888e028\" data-element_type=\"widget\" data-e-type=\"widget\" data-widget_type=\"image.default\">\n\t\t\t\t\t\t\t\t\t\t\t\t\t\t\t<img decoding=\"async\" width=\"800\" height=\"81\" src=\"https:\/\/tennis-club-arcachon.com\/club\/wp-content\/uploads\/2024\/03\/s-titre_1.webp\" class=\"attachment-large size-large wp-image-1415\" alt=\"\" \/>\t\t\t\t\t\t\t\t\t\t\t\t\t\t\t<\/div>\n\t\t\t\t<div class=\"elementor-element elementor-element-9b6a633 elementor-widget elementor-widget-image\" data-id=\"9b6a633\" data-element_type=\"widget\" data-e-type=\"widget\" data-widget_type=\"image.default\">\n\t\t\t\t\t\t\t\t\t\t\t\t\t\t\t<img decoding=\"async\" width=\"556\" height=\"69\" src=\"https:\/\/tennis-club-arcachon.com\/club\/wp-content\/uploads\/2024\/03\/rufjfjvicre.webp\" class=\"attachment-large size-large wp-image-1417\" alt=\"\" \/>\t\t\t\t\t\t\t\t\t\t\t\t\t\t\t<\/div>\n\t\t<div class=\"elementor-element elementor-element-e28375c e-flex e-con-boxed e-con e-child\" data-id=\"e28375c\" data-element_type=\"container\" data-e-type=\"container\">\n\t\t\t\t\t<div class=\"e-con-inner\">\n\t\t<div class=\"elementor-element elementor-element-399ee1f e-flex e-con-boxed e-con e-child\" data-id=\"399ee1f\" data-element_type=\"container\" data-e-type=\"container\">\n\t\t\t\t\t<div class=\"e-con-inner\">\n\t\t\t\t<div class=\"elementor-element elementor-element-0980d86 elementor-widget elementor-widget-text-editor\" data-id=\"0980d86\" data-element_type=\"widget\" data-e-type=\"widget\" data-widget_type=\"text-editor.default\">\n\t\t\t\t\t\t\t\t\tPour perfectionner votre tennis, mes cours collectifs ou particulier vous sont propos\u00e9s toute l\u2019ann\u00e9e, que vous soyez d\u00e9butant ou confirm\u00e9, enfants ou adultes, je partagerai ma passion pour le tennis ainsi que mon exp\u00e9rience sportive, gr\u00e2ce \u00e0 des s\u00e9ances adapt\u00e9es \u00e0 vos besoins.\n\t\t\t\t\t\t\t\t<\/div>\n\t\t\t\t<div class=\"elementor-element elementor-element-1fc1928 elementor-widget elementor-widget-text-editor\" data-id=\"1fc1928\" data-element_type=\"widget\" data-e-type=\"widget\" data-widget_type=\"text-editor.default\">\n\t\t\t\t\t\t\t\t\tSi votre enfant souhaite se lancer ou se perfectionner en tennis, je propose des cours de tous niveaux. En fonction de vos objectifs de progr\u00e8s techniques, de bien-\u00eatre ou simplement du plaisir de jouer, je pourrais utiliser diff\u00e9rentes m\u00e9thodes.\n\t\t\t\t\t\t\t\t<\/div>\n\t\t\t\t\t<\/div>\n\t\t\t\t<\/div>\n\t\t<div class=\"elementor-element elementor-element-4533cb9 e-flex e-con-boxed e-con e-child\" data-id=\"4533cb9\" data-element_type=\"container\" data-e-type=\"container\">\n\t\t\t\t\t<div class=\"e-con-inner\">\n\t\t\t\t<div class=\"elementor-element elementor-element-0b7a081 elementor-widget elementor-widget-image\" data-id=\"0b7a081\" data-element_type=\"widget\" data-e-type=\"widget\" data-widget_type=\"image.default\">\n\t\t\t\t\t\t\t\t\t\t\t\t\t\t\t<img loading=\"lazy\" decoding=\"async\" width=\"626\" height=\"417\" src=\"https:\/\/tennis-club-arcachon.com\/club\/wp-content\/uploads\/2024\/03\/sans-tibbbbtre.webp\" class=\"attachment-large size-large wp-image-1421\" alt=\"\" \/>\t\t\t\t\t\t\t\t\t\t\t\t\t\t\t<\/div>\n\t\t\t\t\t<\/div>\n\t\t\t\t<\/div>\n\t\t\t\t\t<\/div>\n\t\t\t\t<\/div>\n\t\t<div class=\"elementor-element elementor-element-adb2a69 e-flex e-con-boxed e-con e-child\" data-id=\"adb2a69\" data-element_type=\"container\" data-e-type=\"container\">\n\t\t\t\t\t<div class=\"e-con-inner\">\n\t\t<div class=\"elementor-element elementor-element-2ffb3be e-flex e-con-boxed e-con e-child\" data-id=\"2ffb3be\" data-element_type=\"container\" data-e-type=\"container\">\n\t\t\t\t\t<div class=\"e-con-inner\">\n\t\t\t\t<div class=\"elementor-element elementor-element-fa4e97c elementor-widget elementor-widget-image\" data-id=\"fa4e97c\" data-element_type=\"widget\" data-e-type=\"widget\" data-widget_type=\"image.default\">\n\t\t\t\t\t\t\t\t\t\t\t\t\t\t\t<img loading=\"lazy\" decoding=\"async\" width=\"514\" height=\"68\" src=\"https:\/\/tennis-club-arcachon.com\/club\/wp-content\/uploads\/2024\/03\/apture-1.webp\" class=\"attachment-large size-large wp-image-1431\" alt=\"\" \/>\t\t\t\t\t\t\t\t\t\t\t\t\t\t\t<\/div>\n\t\t\t\t\t<\/div>\n\t\t\t\t<\/div>\n\t\t<div class=\"elementor-element elementor-element-791dc6a e-flex e-con-boxed e-con e-child\" data-id=\"791dc6a\" data-element_type=\"container\" data-e-type=\"container\">\n\t\t\t\t\t<div class=\"e-con-inner\">\n\t\t\t\t\t<\/div>\n\t\t\t\t<\/div>\n\t\t\t\t\t<\/div>\n\t\t\t\t<\/div>\n\t\t\t\t<div class=\"elementor-element elementor-element-c6e550c elementor-widget__width-initial elementor-widget elementor-widget-heading\" data-id=\"c6e550c\" data-element_type=\"widget\" data-e-type=\"widget\" data-widget_type=\"heading.default\">\n\t\t\t\t\t<h2 class=\"elementor-heading-title elementor-size-default\">  OLIVIER GIRAUDEAU PROFESSEUR AU TENNIS CLUB D'ARCACHON !\u00a0\n\n\n\n\n\n<\/h2>\t\t\t\t<\/div>\n\t\t\t\t\t<\/div>\n\t\t\t\t<\/div>\n\t\t\t\t<div class=\"elementor-element elementor-element-6678015 elementor-widget__width-initial elementor-widget elementor-widget-text-editor\" data-id=\"6678015\" data-element_type=\"widget\" data-e-type=\"widget\" data-widget_type=\"text-editor.default\">\n\t\t\t\t\t\t\t\t\t<p>Avec l&rsquo;importance de l&rsquo;entretien physique et de la forme physique, j&rsquo;apporte au jeu une combinaison unique d&rsquo;exp\u00e9rience de haut niveau et d&rsquo;entra\u00eenement physique, ce qui m&rsquo;a permis de continuer \u00e0 \u00e9largir ma base de connaissances et de personnaliser les plans d&rsquo;entra\u00eenement pour aider les clients de tous niveaux \u00e0 r\u00e9ussir. \u00ab S\u00fbr et en dehors du court. \u00bb Mon approche passionn\u00e9e et patiente me permet de m&rsquo;\u00e9panouir avec des joueurs de tous niveaux. J&rsquo;ai toujours h\u00e2te de rencontrer de nouvelles personnes\u202f! Tout d&rsquo;abord, je vais vous demander de me parler un peu de votre exp\u00e9rience au tennis, ensuite j&rsquo;aime commencer par l&rsquo;\u00e9chauffement pour pouvoir observer votre technique et vous analyser. Apr\u00e8s cinq minutes de mini-tennis, j&rsquo;aime passer \u00e0 la ligne de fond pour continuer l&rsquo;\u00e9chauffement. Pendant les cours, nous parlerons de quelques retours sur votre jeu et ensuite je vous laisse g\u00e9n\u00e9ralement d\u00e9cider sur quoi nous allons travailler pour le reste du temps, \u00e0 l&rsquo;avenir, je vais vous expliquer en d\u00e9tail \u00abce que j\u2019ai observ\u00e9 de votre jeu. \u00bb et ce que nous allons faire pour l&rsquo;am\u00e9liorer. Je vais vous fournir un plan exact de la fa\u00e7on dont la le\u00e7on va ressembler pour le reste du temps et trois exercices qui vous aideront \u00e0 faire progresser votre jeu. Commencer par des exercices statiques et ajouter une progression \u00e0 chaque nouvel exercice. Terminer avec un jeu amusant ou un coup de fra\u00eecheur. Laisser les cinq derni\u00e8res minutes pour discuter de ce qui a fonctionn\u00e9 et de ce qui n&rsquo;a pas fonctionn\u00e9. J&rsquo;esp\u00e8re vous voir bient\u00f4t sur le court, J&rsquo;adore apporter une \u00e9nergie positive sur le court. Je vois toujours le positif dans chaque situation et c&rsquo;est ainsi que j&rsquo;ai atteint ce niveau. Je suis un travailleur acharn\u00e9 et un coach concentr\u00e9 et j&rsquo;essaie toujours de maximiser le potentiel de chacun de mes \u00e9tudiants. J&rsquo;aime m&rsquo;adapter aux besoins des joueurs. Certains recherchent le plaisir et d&rsquo;autres des progr\u00e8s. Dans chaque cas, je sais comment g\u00e9rer cela.<\/p>\t\t\t\t\t\t\t\t<\/div>\n\t\t\t\t\t<\/div>\n\t\t\t\t<\/div>\n\t\t<div class=\"elementor-element elementor-element-8c611fd e-flex e-con-boxed e-con e-parent\" data-id=\"8c611fd\" data-element_type=\"container\" data-e-type=\"container\">\n\t\t\t\t\t<div class=\"e-con-inner\">\n\t\t<div class=\"elementor-element elementor-element-5c453c9 e-flex e-con-boxed e-con e-child\" data-id=\"5c453c9\" data-element_type=\"container\" data-e-type=\"container\">\n\t\t\t\t\t<div class=\"e-con-inner\">\n\t\t\t\t<div class=\"elementor-element elementor-element-54b3323 elementor-widget elementor-widget-image\" data-id=\"54b3323\" data-element_type=\"widget\" data-e-type=\"widget\" data-widget_type=\"image.default\">\n\t\t\t\t\t\t\t\t\t\t\t\t\t\t\t<img loading=\"lazy\" decoding=\"async\" width=\"500\" height=\"500\" src=\"https:\/\/tennis-club-arcachon.com\/club\/wp-content\/uploads\/2024\/03\/ccxbbnxxcl_1.webp\" class=\"attachment-large size-large wp-image-1466\" alt=\"\" srcset=\"https:\/\/tennis-club-arcachon.com\/club\/wp-content\/uploads\/2024\/03\/ccxbbnxxcl_1.webp 500w, https:\/\/tennis-club-arcachon.com\/club\/wp-content\/uploads\/2024\/03\/ccxbbnxxcl_1-150x150.webp 150w\" sizes=\"(max-width: 500px) 100vw, 500px\" \/>\t\t\t\t\t\t\t\t\t\t\t\t\t\t\t<\/div>\n\t\t\t\t\t<\/div>\n\t\t\t\t<\/div>\n\t\t<div class=\"elementor-element elementor-element-fe77a46 e-flex e-con-boxed e-con e-child\" data-id=\"fe77a46\" data-element_type=\"container\" data-e-type=\"container\">\n\t\t\t\t\t<div class=\"e-con-inner\">\n\t\t\t\t<div class=\"elementor-element elementor-element-d25e786 elementor-widget elementor-widget-text-editor\" data-id=\"d25e786\" data-element_type=\"widget\" data-e-type=\"widget\" data-widget_type=\"text-editor.default\">\n\t\t\t\t\t\t\t\t\tCoach tennis sur le Bassin d&rsquo;Arcachon ! je vous accueille toute l\u2019ann\u00e9e, \u00e0 quelques centaines de m\u00e8tres de la plage de Pereire, en\u00a0\u00a0plein c\u0153ur de la pin\u00e8de, au c\u00e9l\u00e8bre Tennis Club d&rsquo;Arcachon. Profitez des courts en terre-battue, des quicks, du padel\u00a0ou des terrains couverts je vous propose de nombreuses formules \u00e0 l&rsquo;ann\u00e9e ainsi que la saison estivale (juillet \/ ao\u00fbt \/ septembre).\u00a0\n\t\t\t\t\t\t\t\t<\/div>\n\t\t\t\t\t<\/div>\n\t\t\t\t<\/div>\n\t\t\t\t\t<\/div>\n\t\t\t\t<\/div>\n\t\t<div class=\"elementor-element elementor-element-0c8137f e-flex e-con-boxed e-con e-parent\" data-id=\"0c8137f\" data-element_type=\"container\" data-e-type=\"container\" data-settings=\"{&quot;background_background&quot;:&quot;classic&quot;}\">\n\t\t\t\t\t<div class=\"e-con-inner\">\n\t\t\t\t<div class=\"elementor-element elementor-element-1a55001 elementor-widget elementor-widget-shortcode\" data-id=\"1a55001\" data-element_type=\"widget\" data-e-type=\"widget\" data-widget_type=\"shortcode.default\">\n\t\t\t\t\t\t\t<div class=\"elementor-shortcode\">\t\t<div data-elementor-type=\"page\" data-elementor-id=\"1492\" class=\"elementor elementor-1492\" data-elementor-settings=\"{&quot;ha_cmc_init_switcher&quot;:&quot;no&quot;}\" data-elementor-post-type=\"elementor_library\">\n\t\t\t\t<div class=\"elementor-element elementor-element-4b2d89d7 e-flex e-con-boxed e-con e-parent\" data-id=\"4b2d89d7\" data-element_type=\"container\" data-e-type=\"container\" data-settings=\"{&quot;background_background&quot;:&quot;classic&quot;}\">\n\t\t\t\t\t<div class=\"e-con-inner\">\n\t\t\t\t<div class=\"elementor-element elementor-element-780cfc0d elementor-widget elementor-widget-text-editor\" data-id=\"780cfc0d\" data-element_type=\"widget\" data-e-type=\"widget\" data-widget_type=\"text-editor.default\">\n\t\t\t\t\t\t\t\t\t\u00a0&#8211; Copyright &#8211; \u00a0Olivier Giraudeau &#038;\u00a0Georges Aug\u00e9 Tous droits r\u00e9serv\u00e9s &#8211;\n\t\t\t\t\t\t\t\t<\/div>\n\t\t\t\t\t<\/div>\n\t\t\t\t<\/div>\n\t\t\t\t<\/div>\n\t\t<\/div>\n\t\t\t\t\t\t<\/div>\n\t\t\t\t\t<\/div>\n\t\t\t\t<\/div>\n\t\t\t\t<\/div>\n\t\t","protected":false},"excerpt":{"rendered":"<p>Pour perfectionner votre tennis, mes cours collectifs ou particulier vous sont propos\u00e9s toute l\u2019ann\u00e9e, que vous soyez d\u00e9butant ou confirm\u00e9, enfants ou adultes, je partagerai ma passion pour le tennis ainsi que mon exp\u00e9rience sportive, gr\u00e2ce \u00e0 des s\u00e9ances adapt\u00e9es \u00e0 vos besoins. Si votre enfant souhaite se lancer ou se perfectionner en tennis, je [&hellip;]<\/p>\n","protected":false},"author":1,"featured_media":0,"parent":0,"menu_order":0,"comment_status":"closed","ping_status":"closed","template":"elementor_canvas","meta":{"footnotes":""},"class_list":["post-1408","page","type-page","status-publish","hentry"],"_links":{"self":[{"href":"https:\/\/tennis-club-arcachon.com\/club\/wp-json\/wp\/v2\/pages\/1408","targetHints":{"allow":["GET"]}}],"collection":[{"href":"https:\/\/tennis-club-arcachon.com\/club\/wp-json\/wp\/v2\/pages"}],"about":[{"href":"https:\/\/tennis-club-arcachon.com\/club\/wp-json\/wp\/v2\/types\/page"}],"author":[{"embeddable":true,"href":"https:\/\/tennis-club-arcachon.com\/club\/wp-json\/wp\/v2\/users\/1"}],"replies":[{"embeddable":true,"href":"https:\/\/tennis-club-arcachon.com\/club\/wp-json\/wp\/v2\/comments?post=1408"}],"version-history":[{"count":0,"href":"https:\/\/tennis-club-arcachon.com\/club\/wp-json\/wp\/v2\/pages\/1408\/revisions"}],"wp:attachment":[{"href":"https:\/\/tennis-club-arcachon.com\/club\/wp-json\/wp\/v2\/media?parent=1408"}],"curies":[{"name":"wp","href":"https:\/\/api.w.org\/{rel}","templated":true}]}}