{"id":457,"date":"2022-07-27T19:48:12","date_gmt":"2022-07-27T17:48:12","guid":{"rendered":"https:\/\/tennis-club-arcachon.com\/club\/?page_id=457"},"modified":"2025-10-12T20:50:20","modified_gmt":"2025-10-12T18:50:20","slug":"ol-cours","status":"publish","type":"page","link":"https:\/\/tennis-club-arcachon.com\/club\/ol-cours\/","title":{"rendered":"Ol cours"},"content":{"rendered":"\t\t<div data-elementor-type=\"wp-page\" data-elementor-id=\"457\" class=\"elementor elementor-457\" data-elementor-settings=\"{&quot;ha_cmc_init_switcher&quot;:&quot;no&quot;}\" data-elementor-post-type=\"page\">\n\t\t\t\t<div class=\"elementor-element elementor-element-7add933 e-flex e-con-boxed e-con e-parent\" data-id=\"7add933\" data-element_type=\"container\" data-e-type=\"container\">\n\t\t\t\t\t<div class=\"e-con-inner\">\n\t\t\t\t<div class=\"elementor-element elementor-element-72def2b elementor-widget elementor-widget-shortcode\" data-id=\"72def2b\" data-element_type=\"widget\" data-e-type=\"widget\" data-widget_type=\"shortcode.default\">\n\t\t\t\t\t\t\t<div class=\"elementor-shortcode\">\t\t<div data-elementor-type=\"page\" data-elementor-id=\"1495\" class=\"elementor elementor-1495\" data-elementor-settings=\"{&quot;ha_cmc_init_switcher&quot;:&quot;no&quot;}\" data-elementor-post-type=\"elementor_library\">\n\t\t\t\t<div class=\"elementor-element elementor-element-785a9bf7 e-flex e-con-boxed e-con e-parent\" data-id=\"785a9bf7\" data-element_type=\"container\" data-e-type=\"container\" data-settings=\"{&quot;background_background&quot;:&quot;classic&quot;}\">\n\t\t\t\t\t<div class=\"e-con-inner\">\n\t\t\t\t<div class=\"elementor-element elementor-element-328b63eb elementor-nav-menu__align-center elementor-widget__width-inherit elementor-nav-menu--dropdown-tablet elementor-nav-menu__text-align-aside elementor-nav-menu--toggle elementor-nav-menu--burger elementor-widget elementor-widget-nav-menu\" data-id=\"328b63eb\" data-element_type=\"widget\" data-e-type=\"widget\" data-settings=\"{&quot;layout&quot;:&quot;horizontal&quot;,&quot;submenu_icon&quot;:{&quot;value&quot;:&quot;&lt;svg aria-hidden=\\&quot;true\\&quot; class=\\&quot;e-font-icon-svg e-fas-caret-down\\&quot; viewBox=\\&quot;0 0 320 512\\&quot; xmlns=\\&quot;http:\\\/\\\/www.w3.org\\\/2000\\\/svg\\&quot;&gt;&lt;path d=\\&quot;M31.3 192h257.3c17.8 0 26.7 21.5 14.1 34.1L174.1 354.8c-7.8 7.8-20.5 7.8-28.3 0L17.2 226.1C4.6 213.5 13.5 192 31.3 192z\\&quot;&gt;&lt;\\\/path&gt;&lt;\\\/svg&gt;&quot;,&quot;library&quot;:&quot;fa-solid&quot;},&quot;toggle&quot;:&quot;burger&quot;}\" data-widget_type=\"nav-menu.default\">\n\t\t\t\t\t\t\t\t<nav aria-label=\"Menu\" class=\"elementor-nav-menu--main elementor-nav-menu__container elementor-nav-menu--layout-horizontal e--pointer-underline e--animation-fade\">\n\t\t\t\t<ul id=\"menu-1-328b63eb\" class=\"elementor-nav-menu\"><li class=\"menu-item menu-item-type-post_type menu-item-object-page menu-item-1476\"><a href=\"https:\/\/tennis-club-arcachon.com\/club\/ol-accueil\/\" class=\"elementor-item\">Accueil<\/a><\/li>\n<li class=\"menu-item menu-item-type-post_type menu-item-object-page menu-item-1480\"><a href=\"https:\/\/tennis-club-arcachon.com\/club\/ol-cours\/\" class=\"elementor-item\">Cours<\/a><\/li>\n<li class=\"menu-item menu-item-type-post_type menu-item-object-page menu-item-1479\"><a href=\"https:\/\/tennis-club-arcachon.com\/club\/ol-stages\/\" class=\"elementor-item\">Stages<\/a><\/li>\n<li class=\"menu-item menu-item-type-post_type menu-item-object-page menu-item-1478\"><a href=\"https:\/\/tennis-club-arcachon.com\/club\/ol-contact\/\" class=\"elementor-item\">Contact<\/a><\/li>\n<li class=\"menu-item menu-item-type-custom menu-item-object-custom menu-item-1491\"><a href=\"https:\/\/tennis-club-arcachon.com\/\" class=\"elementor-item\">TCA<\/a><\/li>\n<\/ul>\t\t\t<\/nav>\n\t\t\t\t\t<div class=\"elementor-menu-toggle\" role=\"button\" tabindex=\"0\" aria-label=\"Menu Toggle\" aria-expanded=\"false\">\n\t\t\t<svg aria-hidden=\"true\" role=\"presentation\" class=\"elementor-menu-toggle__icon--open e-font-icon-svg e-eicon-menu-bar\" viewBox=\"0 0 1000 1000\" xmlns=\"http:\/\/www.w3.org\/2000\/svg\"><path d=\"M104 333H896C929 333 958 304 958 271S929 208 896 208H104C71 208 42 237 42 271S71 333 104 333ZM104 583H896C929 583 958 554 958 521S929 458 896 458H104C71 458 42 487 42 521S71 583 104 583ZM104 833H896C929 833 958 804 958 771S929 708 896 708H104C71 708 42 737 42 771S71 833 104 833Z\"><\/path><\/svg><svg aria-hidden=\"true\" role=\"presentation\" class=\"elementor-menu-toggle__icon--close e-font-icon-svg e-eicon-close\" viewBox=\"0 0 1000 1000\" xmlns=\"http:\/\/www.w3.org\/2000\/svg\"><path d=\"M742 167L500 408 258 167C246 154 233 150 217 150 196 150 179 158 167 167 154 179 150 196 150 212 150 229 154 242 171 254L408 500 167 742C138 771 138 800 167 829 196 858 225 858 254 829L496 587 738 829C750 842 767 846 783 846 800 846 817 842 829 829 842 817 846 804 846 783 846 767 842 750 829 737L588 500 833 258C863 229 863 200 833 171 804 137 775 137 742 167Z\"><\/path><\/svg>\t\t<\/div>\n\t\t\t\t\t<nav class=\"elementor-nav-menu--dropdown elementor-nav-menu__container\" aria-hidden=\"true\">\n\t\t\t\t<ul id=\"menu-2-328b63eb\" class=\"elementor-nav-menu\"><li class=\"menu-item menu-item-type-post_type menu-item-object-page menu-item-1476\"><a href=\"https:\/\/tennis-club-arcachon.com\/club\/ol-accueil\/\" class=\"elementor-item\" tabindex=\"-1\">Accueil<\/a><\/li>\n<li class=\"menu-item menu-item-type-post_type menu-item-object-page menu-item-1480\"><a href=\"https:\/\/tennis-club-arcachon.com\/club\/ol-cours\/\" class=\"elementor-item\" tabindex=\"-1\">Cours<\/a><\/li>\n<li class=\"menu-item menu-item-type-post_type menu-item-object-page menu-item-1479\"><a href=\"https:\/\/tennis-club-arcachon.com\/club\/ol-stages\/\" class=\"elementor-item\" tabindex=\"-1\">Stages<\/a><\/li>\n<li class=\"menu-item menu-item-type-post_type menu-item-object-page menu-item-1478\"><a href=\"https:\/\/tennis-club-arcachon.com\/club\/ol-contact\/\" class=\"elementor-item\" tabindex=\"-1\">Contact<\/a><\/li>\n<li class=\"menu-item menu-item-type-custom menu-item-object-custom menu-item-1491\"><a href=\"https:\/\/tennis-club-arcachon.com\/\" class=\"elementor-item\" tabindex=\"-1\">TCA<\/a><\/li>\n<\/ul>\t\t\t<\/nav>\n\t\t\t\t\t\t<\/div>\n\t\t\t\t\t<\/div>\n\t\t\t\t<\/div>\n\t\t\t\t<\/div>\n\t\t<\/div>\n\t\t\t\t\t\t<\/div>\n\t\t\t\t\t<\/div>\n\t\t\t\t<\/div>\n\t\t<div class=\"elementor-element elementor-element-7cdcc0f e-flex e-con-boxed e-con e-parent\" data-id=\"7cdcc0f\" data-element_type=\"container\" data-e-type=\"container\" data-settings=\"{&quot;background_background&quot;:&quot;gradient&quot;}\">\n\t\t\t\t\t<div class=\"e-con-inner\">\n\t\t<div class=\"elementor-element elementor-element-ba644fd e-flex e-con-boxed e-con e-child\" data-id=\"ba644fd\" data-element_type=\"container\" data-e-type=\"container\">\n\t\t\t\t\t<div class=\"e-con-inner\">\n\t\t<div class=\"elementor-element elementor-element-63d49e2 e-con-full e-flex e-con e-child\" data-id=\"63d49e2\" data-element_type=\"container\" data-e-type=\"container\">\n\t\t\t\t<div class=\"elementor-element elementor-element-75ea13b elementor-widget elementor-widget-ile-item-lists-elementor-widget\" data-id=\"75ea13b\" data-element_type=\"widget\" data-e-type=\"widget\" data-widget_type=\"ile-item-lists-elementor-widget.default\">\n\t\t\t\t<div class=\"elementor-widget-container\">\n\t\t\t\t\t<!-- Start Material Bullet Style -->\r\n <div class=\"ile-material-bullet-style\" style=\"direction:ltr;\">\r\n    <div class=\"ile-container-holder\">\r\n            <div class=\"ile-container-row\">                <div class=\"ile-icon-box\" style=\"background-color:#ff8181;\">\r\n                        <svg aria-hidden=\"true\" class=\"ile-icon e-font-icon-svg e-fas-leaf\" fill=\"#ffffff\" viewBox=\"0 0 576 512\" xmlns=\"http:\/\/www.w3.org\/2000\/svg\"><path d=\"M546.2 9.7c-5.6-12.5-21.6-13-28.3-1.2C486.9 62.4 431.4 96 368 96h-80C182 96 96 182 96 288c0 7 .8 13.7 1.5 20.5C161.3 262.8 253.4 224 384 224c8.8 0 16 7.2 16 16s-7.2 16-16 16C132.6 256 26 410.1 2.4 468c-6.6 16.3 1.2 34.9 17.5 41.6 16.4 6.8 35-1.1 41.8-17.3 1.5-3.6 20.9-47.9 71.9-90.6 32.4 43.9 94 85.8 174.9 77.2C465.5 467.5 576 326.7 576 154.3c0-50.2-10.8-102.2-29.8-144.6z\"><\/path><\/svg>                    <\/div>\r\n                        <div class=\"ile-content-box\" style=\"background-color:#ec6161;\">\r\n                <h2 class=\"ile-title\" style=\"color:#ffffff;\">Cours particulier<\/h2>\r\n                <p class=\"ile-content\" style=\"color:#ffffff;\">L'HEURE  (Exterieur TCA) 60\u20ac\/p<\/p>\r\n            <\/div>\r\n        <\/div>\r\n                <div class=\"ile-container-row\">                <div class=\"ile-icon-box\" style=\"background-color:#32DDD4;\">\r\n                        <svg aria-hidden=\"true\" class=\"ile-icon e-font-icon-svg e-fas-laugh\" fill=\"#ffffff\" viewBox=\"0 0 496 512\" xmlns=\"http:\/\/www.w3.org\/2000\/svg\"><path d=\"M248 8C111 8 0 119 0 256s111 248 248 248 248-111 248-248S385 8 248 8zm80 152c17.7 0 32 14.3 32 32s-14.3 32-32 32-32-14.3-32-32 14.3-32 32-32zm-160 0c17.7 0 32 14.3 32 32s-14.3 32-32 32-32-14.3-32-32 14.3-32 32-32zm88 272h-16c-73.4 0-134-55-142.9-126-1.2-9.5 6.3-18 15.9-18h270c9.6 0 17.1 8.4 15.9 18-8.9 71-69.5 126-142.9 126z\"><\/path><\/svg>                    <\/div>\r\n                        <div class=\"ile-content-box\" style=\"background-color:#2DCEC6;\">\r\n                <h2 class=\"ile-title\" style=\"color:#ffffff;\">Cours \u00e0 deux<\/h2>\r\n                <p class=\"ile-content\" style=\"color:#ffffff;\">L'HEURE  (Non menbre du club) 32\u20ac par personnes<\/p>\r\n            <\/div>\r\n        <\/div>\r\n                <div class=\"ile-container-row\">                <div class=\"ile-icon-box\" style=\"background-color:#DB87F7;\">\r\n                        <svg aria-hidden=\"true\" class=\"ile-icon e-font-icon-svg e-fas-plus-square\" fill=\"#ffffff\" viewBox=\"0 0 448 512\" xmlns=\"http:\/\/www.w3.org\/2000\/svg\"><path d=\"M400 32H48C21.5 32 0 53.5 0 80v352c0 26.5 21.5 48 48 48h352c26.5 0 48-21.5 48-48V80c0-26.5-21.5-48-48-48zm-32 252c0 6.6-5.4 12-12 12h-92v92c0 6.6-5.4 12-12 12h-56c-6.6 0-12-5.4-12-12v-92H92c-6.6 0-12-5.4-12-12v-56c0-6.6 5.4-12 12-12h92v-92c0-6.6 5.4-12 12-12h56c6.6 0 12 5.4 12 12v92h92c6.6 0 12 5.4 12 12v56z\"><\/path><\/svg>                    <\/div>\r\n                        <div class=\"ile-content-box\" style=\"background-color:#C56EE3;\">\r\n                <h2 class=\"ile-title\" style=\"color:#ffffff;\">Cours \u00e0 trois<\/h2>\r\n                <p class=\"ile-content\" style=\"color:#ffffff;\">L'HEURE  (Non menbre du club) 26\u20ac par personnes<\/p>\r\n            <\/div>\r\n        <\/div>\r\n                <div class=\"ile-container-row\">                <div class=\"ile-icon-box\" style=\"background-color:#A8ADFF;\">\r\n                        <svg aria-hidden=\"true\" class=\"ile-icon e-font-icon-svg e-fas-people-arrows\" fill=\"#ffffff\" viewBox=\"0 0 576 512\" xmlns=\"http:\/\/www.w3.org\/2000\/svg\"><path d=\"M96,128A64,64,0,1,0,32,64,64,64,0,0,0,96,128Zm0,176.08a44.11,44.11,0,0,1,13.64-32L181.77,204c1.65-1.55,3.77-2.31,5.61-3.57A63.91,63.91,0,0,0,128,160H64A64,64,0,0,0,0,224v96a32,32,0,0,0,32,32V480a32,32,0,0,0,32,32h64a32,32,0,0,0,32-32V383.61l-50.36-47.53A44.08,44.08,0,0,1,96,304.08ZM480,128a64,64,0,1,0-64-64A64,64,0,0,0,480,128Zm32,32H448a63.91,63.91,0,0,0-59.38,40.42c1.84,1.27,4,2,5.62,3.59l72.12,68.06a44.37,44.37,0,0,1,0,64L416,383.62V480a32,32,0,0,0,32,32h64a32,32,0,0,0,32-32V352a32,32,0,0,0,32-32V224A64,64,0,0,0,512,160ZM444.4,295.34l-72.12-68.06A12,12,0,0,0,352,236v36H224V236a12,12,0,0,0-20.28-8.73L131.6,295.34a12.4,12.4,0,0,0,0,17.47l72.12,68.07A12,12,0,0,0,224,372.14V336H352v36.14a12,12,0,0,0,20.28,8.74l72.12-68.07A12.4,12.4,0,0,0,444.4,295.34Z\"><\/path><\/svg>                    <\/div>\r\n                        <div class=\"ile-content-box\" style=\"background-color:#868BFF;\">\r\n                <h2 class=\"ile-title\" style=\"color:#ffffff;\">Cours \u00e0 quatres<\/h2>\r\n                <p class=\"ile-content\" style=\"color:#ffffff;\">L'HEURE  (Non menbre du club) 21\u20ac par personnes<\/p>\r\n            <\/div>\r\n        <\/div>\r\n            <\/div>\r\n<\/div>\r\n<!-- End Material Bullet Style -->\r\n\t\t\t\t<\/div>\n\t\t\t\t<\/div>\n\t\t\t\t<\/div>\n\t\t<div class=\"elementor-element elementor-element-b6255b9 e-flex e-con-boxed e-con e-child\" data-id=\"b6255b9\" data-element_type=\"container\" data-e-type=\"container\">\n\t\t\t\t\t<div class=\"e-con-inner\">\n\t\t\t\t<div class=\"elementor-element elementor-element-524c9bb elementor-widget elementor-widget-heading\" data-id=\"524c9bb\" data-element_type=\"widget\" data-e-type=\"widget\" data-widget_type=\"heading.default\">\n\t\t\t\t\t<h2 class=\"elementor-heading-title elementor-size-default\">COURS<\/h2>\t\t\t\t<\/div>\n\t\t\t\t<div class=\"elementor-element elementor-element-46bb290 elementor-widget elementor-widget-ile-item-lists-elementor-widget\" data-id=\"46bb290\" data-element_type=\"widget\" data-e-type=\"widget\" data-widget_type=\"ile-item-lists-elementor-widget.default\">\n\t\t\t\t<div class=\"elementor-widget-container\">\n\t\t\t\t\t<!-- Start Material Bullet Style -->\r\n <div class=\"ile-material-bullet-style\" style=\"direction:ltr;\">\r\n    <div class=\"ile-container-holder\">\r\n            <div class=\"ile-container-row\">                <div class=\"ile-icon-box\" style=\"background-color:#ff8181;\">\r\n                        <svg aria-hidden=\"true\" class=\"ile-icon e-font-icon-svg e-fas-leaf\" fill=\"#ffffff\" viewBox=\"0 0 576 512\" xmlns=\"http:\/\/www.w3.org\/2000\/svg\"><path d=\"M546.2 9.7c-5.6-12.5-21.6-13-28.3-1.2C486.9 62.4 431.4 96 368 96h-80C182 96 96 182 96 288c0 7 .8 13.7 1.5 20.5C161.3 262.8 253.4 224 384 224c8.8 0 16 7.2 16 16s-7.2 16-16 16C132.6 256 26 410.1 2.4 468c-6.6 16.3 1.2 34.9 17.5 41.6 16.4 6.8 35-1.1 41.8-17.3 1.5-3.6 20.9-47.9 71.9-90.6 32.4 43.9 94 85.8 174.9 77.2C465.5 467.5 576 326.7 576 154.3c0-50.2-10.8-102.2-29.8-144.6z\"><\/path><\/svg>                    <\/div>\r\n                        <div class=\"ile-content-box\" style=\"background-color:#6961EC;\">\r\n                <h2 class=\"ile-title\" style=\"color:#ffffff;\">Adh\u00e9rents licenci\u00e9s<\/h2>\r\n                <p class=\"ile-content\" style=\"color:#ffffff;\">Individuel 35\u20ac 1h<br>\nDuo 1H 25\u20ac\/p<\/p>\r\n            <\/div>\r\n        <\/div>\r\n                <div class=\"ile-container-row\">                <div class=\"ile-icon-box\" style=\"background-color:#ff8181;\">\r\n                        <svg aria-hidden=\"true\" class=\"ile-icon e-font-icon-svg e-fas-leaf\" fill=\"#ffffff\" viewBox=\"0 0 576 512\" xmlns=\"http:\/\/www.w3.org\/2000\/svg\"><path d=\"M546.2 9.7c-5.6-12.5-21.6-13-28.3-1.2C486.9 62.4 431.4 96 368 96h-80C182 96 96 182 96 288c0 7 .8 13.7 1.5 20.5C161.3 262.8 253.4 224 384 224c8.8 0 16 7.2 16 16s-7.2 16-16 16C132.6 256 26 410.1 2.4 468c-6.6 16.3 1.2 34.9 17.5 41.6 16.4 6.8 35-1.1 41.8-17.3 1.5-3.6 20.9-47.9 71.9-90.6 32.4 43.9 94 85.8 174.9 77.2C465.5 467.5 576 326.7 576 154.3c0-50.2-10.8-102.2-29.8-144.6z\"><\/path><\/svg>                    <\/div>\r\n                        <div class=\"ile-content-box\" style=\"background-color:#6961EC;\">\r\n                <h2 class=\"ile-title\" style=\"color:#ffffff;\">Adh\u00e9rents <\/h2>\r\n                <p class=\"ile-content\" style=\"color:#ffffff;\">Individuel 45\u20ac 1h<br>\nDuo 1H 30\u20ac\/p<\/p>\r\n            <\/div>\r\n        <\/div>\r\n            <\/div>\r\n<\/div>\r\n<!-- End Material Bullet Style -->\r\n\t\t\t\t<\/div>\n\t\t\t\t<\/div>\n\t\t\t\t\t<\/div>\n\t\t\t\t<\/div>\n\t\t\t\t\t<\/div>\n\t\t\t\t<\/div>\n\t\t\t\t\t<\/div>\n\t\t\t\t<\/div>\n\t\t<div class=\"elementor-element elementor-element-e759abf e-flex e-con-boxed e-con e-parent\" data-id=\"e759abf\" data-element_type=\"container\" data-e-type=\"container\">\n\t\t\t\t\t<div class=\"e-con-inner\">\n\t\t\t\t<div class=\"elementor-element elementor-element-11f882c elementor-widget elementor-widget-shortcode\" data-id=\"11f882c\" data-element_type=\"widget\" data-e-type=\"widget\" data-widget_type=\"shortcode.default\">\n\t\t\t\t\t\t\t<div class=\"elementor-shortcode\">\t\t<div data-elementor-type=\"page\" data-elementor-id=\"1492\" class=\"elementor elementor-1492\" data-elementor-settings=\"{&quot;ha_cmc_init_switcher&quot;:&quot;no&quot;}\" data-elementor-post-type=\"elementor_library\">\n\t\t\t\t<div class=\"elementor-element elementor-element-4b2d89d7 e-flex e-con-boxed e-con e-parent\" data-id=\"4b2d89d7\" data-element_type=\"container\" data-e-type=\"container\" data-settings=\"{&quot;background_background&quot;:&quot;classic&quot;}\">\n\t\t\t\t\t<div class=\"e-con-inner\">\n\t\t\t\t<div class=\"elementor-element elementor-element-780cfc0d elementor-widget elementor-widget-text-editor\" data-id=\"780cfc0d\" data-element_type=\"widget\" data-e-type=\"widget\" data-widget_type=\"text-editor.default\">\n\t\t\t\t\t\t\t\t\t\u00a0&#8211; Copyright &#8211; \u00a0Olivier Giraudeau &#038;\u00a0Georges Aug\u00e9 Tous droits r\u00e9serv\u00e9s &#8211;\n\t\t\t\t\t\t\t\t<\/div>\n\t\t\t\t\t<\/div>\n\t\t\t\t<\/div>\n\t\t\t\t<\/div>\n\t\t<\/div>\n\t\t\t\t\t\t<\/div>\n\t\t\t\t\t<\/div>\n\t\t\t\t<\/div>\n\t\t\t\t<\/div>\n\t\t","protected":false},"excerpt":{"rendered":"<p>Cours particulier L&rsquo;HEURE (Exterieur TCA) 60\u20ac\/p Cours \u00e0 deux L&rsquo;HEURE (Non menbre du club) 32\u20ac par personnes Cours \u00e0 trois L&rsquo;HEURE (Non menbre du club) 26\u20ac par personnes Cours \u00e0 quatres L&rsquo;HEURE (Non menbre du club) 21\u20ac par personnes COURS Adh\u00e9rents licenci\u00e9s Individuel 35\u20ac 1h Duo 1H 25\u20ac\/p Adh\u00e9rents Individuel 45\u20ac 1h Duo 1H 30\u20ac\/p<\/p>\n","protected":false},"author":1,"featured_media":0,"parent":0,"menu_order":0,"comment_status":"closed","ping_status":"closed","template":"elementor_canvas","meta":{"footnotes":""},"class_list":["post-457","page","type-page","status-publish","hentry"],"_links":{"self":[{"href":"https:\/\/tennis-club-arcachon.com\/club\/wp-json\/wp\/v2\/pages\/457","targetHints":{"allow":["GET"]}}],"collection":[{"href":"https:\/\/tennis-club-arcachon.com\/club\/wp-json\/wp\/v2\/pages"}],"about":[{"href":"https:\/\/tennis-club-arcachon.com\/club\/wp-json\/wp\/v2\/types\/page"}],"author":[{"embeddable":true,"href":"https:\/\/tennis-club-arcachon.com\/club\/wp-json\/wp\/v2\/users\/1"}],"replies":[{"embeddable":true,"href":"https:\/\/tennis-club-arcachon.com\/club\/wp-json\/wp\/v2\/comments?post=457"}],"version-history":[{"count":0,"href":"https:\/\/tennis-club-arcachon.com\/club\/wp-json\/wp\/v2\/pages\/457\/revisions"}],"wp:attachment":[{"href":"https:\/\/tennis-club-arcachon.com\/club\/wp-json\/wp\/v2\/media?parent=457"}],"curies":[{"name":"wp","href":"https:\/\/api.w.org\/{rel}","templated":true}]}}