{"id":867,"date":"2023-02-22T17:41:44","date_gmt":"2023-02-22T16:41:44","guid":{"rendered":"https:\/\/tennis-club-arcachon.com\/club\/?page_id=867"},"modified":"2025-02-06T07:50:23","modified_gmt":"2025-02-06T06:50:23","slug":"jb_accueil","status":"publish","type":"page","link":"https:\/\/tennis-club-arcachon.com\/club\/jb_accueil\/","title":{"rendered":"JB_Accueil"},"content":{"rendered":"\t\t<div data-elementor-type=\"wp-page\" data-elementor-id=\"867\" class=\"elementor elementor-867\" data-elementor-settings=\"{&quot;ha_cmc_init_switcher&quot;:&quot;no&quot;}\" data-elementor-post-type=\"page\">\n\t\t\t\t<div class=\"elementor-element elementor-element-a108c5d e-flex e-con-boxed e-con e-parent\" data-id=\"a108c5d\" data-element_type=\"container\" data-e-type=\"container\">\n\t\t\t\t\t<div class=\"e-con-inner\">\n\t\t\t\t<div class=\"elementor-element elementor-element-3f08c8a elementor-nav-menu__align-start elementor-widget__width-inherit elementor-nav-menu--dropdown-tablet elementor-nav-menu__text-align-aside elementor-nav-menu--toggle elementor-nav-menu--burger ha-has-bg-overlay elementor-widget elementor-widget-nav-menu\" data-id=\"3f08c8a\" data-element_type=\"widget\" data-e-type=\"widget\" data-settings=\"{&quot;layout&quot;:&quot;horizontal&quot;,&quot;submenu_icon&quot;:{&quot;value&quot;:&quot;&lt;svg aria-hidden=\\&quot;true\\&quot; class=\\&quot;e-font-icon-svg e-fas-caret-down\\&quot; viewBox=\\&quot;0 0 320 512\\&quot; xmlns=\\&quot;http:\\\/\\\/www.w3.org\\\/2000\\\/svg\\&quot;&gt;&lt;path d=\\&quot;M31.3 192h257.3c17.8 0 26.7 21.5 14.1 34.1L174.1 354.8c-7.8 7.8-20.5 7.8-28.3 0L17.2 226.1C4.6 213.5 13.5 192 31.3 192z\\&quot;&gt;&lt;\\\/path&gt;&lt;\\\/svg&gt;&quot;,&quot;library&quot;:&quot;fa-solid&quot;},&quot;toggle&quot;:&quot;burger&quot;}\" data-widget_type=\"nav-menu.default\">\n\t\t\t\t\t\t\t\t<nav aria-label=\"Menu\" class=\"elementor-nav-menu--main elementor-nav-menu__container elementor-nav-menu--layout-horizontal e--pointer-underline e--animation-fade\">\n\t\t\t\t<ul id=\"menu-1-3f08c8a\" class=\"elementor-nav-menu\"><li class=\"menu-item menu-item-type-post_type menu-item-object-page menu-item-947\"><a href=\"https:\/\/tennis-club-arcachon.com\/club\/jb_accueil\/\" class=\"elementor-item\">Accueil<\/a><\/li>\n<li class=\"menu-item menu-item-type-custom menu-item-object-custom menu-item-948\"><a href=\"https:\/\/tennis-club-arcachon.com\/club\/jb_tarifs\/\" class=\"elementor-item\">Tarifs<\/a><\/li>\n<li class=\"menu-item menu-item-type-custom menu-item-object-custom menu-item-949\"><a href=\"https:\/\/tennis-club-arcachon.com\/club\/jb_contact\/\" class=\"elementor-item\">Contact<\/a><\/li>\n<li class=\"menu-item menu-item-type-custom menu-item-object-custom menu-item-950\"><a href=\"https:\/\/tennis-club-arcachon.com\" class=\"elementor-item\">T-C-A<\/a><\/li>\n<\/ul>\t\t\t<\/nav>\n\t\t\t\t\t<div class=\"elementor-menu-toggle\" role=\"button\" tabindex=\"0\" aria-label=\"Menu Toggle\" aria-expanded=\"false\">\n\t\t\t<svg aria-hidden=\"true\" role=\"presentation\" class=\"elementor-menu-toggle__icon--open e-font-icon-svg e-eicon-menu-bar\" viewBox=\"0 0 1000 1000\" xmlns=\"http:\/\/www.w3.org\/2000\/svg\"><path d=\"M104 333H896C929 333 958 304 958 271S929 208 896 208H104C71 208 42 237 42 271S71 333 104 333ZM104 583H896C929 583 958 554 958 521S929 458 896 458H104C71 458 42 487 42 521S71 583 104 583ZM104 833H896C929 833 958 804 958 771S929 708 896 708H104C71 708 42 737 42 771S71 833 104 833Z\"><\/path><\/svg><svg aria-hidden=\"true\" role=\"presentation\" class=\"elementor-menu-toggle__icon--close e-font-icon-svg e-eicon-close\" viewBox=\"0 0 1000 1000\" xmlns=\"http:\/\/www.w3.org\/2000\/svg\"><path d=\"M742 167L500 408 258 167C246 154 233 150 217 150 196 150 179 158 167 167 154 179 150 196 150 212 150 229 154 242 171 254L408 500 167 742C138 771 138 800 167 829 196 858 225 858 254 829L496 587 738 829C750 842 767 846 783 846 800 846 817 842 829 829 842 817 846 804 846 783 846 767 842 750 829 737L588 500 833 258C863 229 863 200 833 171 804 137 775 137 742 167Z\"><\/path><\/svg>\t\t<\/div>\n\t\t\t\t\t<nav class=\"elementor-nav-menu--dropdown elementor-nav-menu__container\" aria-hidden=\"true\">\n\t\t\t\t<ul id=\"menu-2-3f08c8a\" class=\"elementor-nav-menu\"><li class=\"menu-item menu-item-type-post_type menu-item-object-page menu-item-947\"><a href=\"https:\/\/tennis-club-arcachon.com\/club\/jb_accueil\/\" class=\"elementor-item\" tabindex=\"-1\">Accueil<\/a><\/li>\n<li class=\"menu-item menu-item-type-custom menu-item-object-custom menu-item-948\"><a href=\"https:\/\/tennis-club-arcachon.com\/club\/jb_tarifs\/\" class=\"elementor-item\" tabindex=\"-1\">Tarifs<\/a><\/li>\n<li class=\"menu-item menu-item-type-custom menu-item-object-custom menu-item-949\"><a href=\"https:\/\/tennis-club-arcachon.com\/club\/jb_contact\/\" class=\"elementor-item\" tabindex=\"-1\">Contact<\/a><\/li>\n<li class=\"menu-item menu-item-type-custom menu-item-object-custom menu-item-950\"><a href=\"https:\/\/tennis-club-arcachon.com\" class=\"elementor-item\" tabindex=\"-1\">T-C-A<\/a><\/li>\n<\/ul>\t\t\t<\/nav>\n\t\t\t\t\t\t<\/div>\n\t\t<div class=\"elementor-element elementor-element-036eeac e-con-full e-flex e-con e-child\" data-id=\"036eeac\" data-element_type=\"container\" data-e-type=\"container\" data-settings=\"{&quot;background_background&quot;:&quot;gradient&quot;}\">\n\t\t<div class=\"elementor-element elementor-element-1570c53 e-con-full e-flex e-con e-child\" data-id=\"1570c53\" data-element_type=\"container\" data-e-type=\"container\" data-settings=\"{&quot;background_background&quot;:&quot;video&quot;}\">\n\t\t\t\t<div class=\"elementor-element elementor-element-4846bcc elementor-widget__width-inherit elementor-widget-tablet__width-initial elementor-widget elementor-widget-image\" data-id=\"4846bcc\" data-element_type=\"widget\" data-e-type=\"widget\" data-widget_type=\"image.default\">\n\t\t\t\t\t\t\t\t\t\t\t\t\t\t\t<img fetchpriority=\"high\" decoding=\"async\" width=\"751\" height=\"751\" src=\"https:\/\/tennis-club-arcachon.com\/club\/wp-content\/uploads\/2023\/02\/c2VydmljZT1pbWFnZXMmc3JjPWh0zY.webp\" class=\"attachment-large size-large wp-image-894\" alt=\"\" srcset=\"https:\/\/tennis-club-arcachon.com\/club\/wp-content\/uploads\/2023\/02\/c2VydmljZT1pbWFnZXMmc3JjPWh0zY.webp 751w, https:\/\/tennis-club-arcachon.com\/club\/wp-content\/uploads\/2023\/02\/c2VydmljZT1pbWFnZXMmc3JjPWh0zY-150x150.webp 150w\" sizes=\"(max-width: 751px) 100vw, 751px\" \/>\t\t\t\t\t\t\t\t\t\t\t\t\t\t\t<\/div>\n\t\t\t\t<\/div>\n\t\t<div class=\"elementor-element elementor-element-2c0eeaa e-flex e-con-boxed e-con e-child\" data-id=\"2c0eeaa\" data-element_type=\"container\" data-e-type=\"container\">\n\t\t\t\t\t<div class=\"e-con-inner\">\n\t\t\t\t<div class=\"elementor-element elementor-element-d1dc4f4 animated-slow elementor-invisible elementor-widget elementor-widget-heading\" data-id=\"d1dc4f4\" data-element_type=\"widget\" data-e-type=\"widget\" data-settings=\"{&quot;_animation&quot;:&quot;fadeInRight&quot;}\" data-widget_type=\"heading.default\">\n\t\t\t\t\t<h2 class=\"elementor-heading-title elementor-size-default\">Professeur de<\/h2>\t\t\t\t<\/div>\n\t\t\t\t<div class=\"elementor-element elementor-element-c899712 animated-slow elementor-invisible elementor-widget elementor-widget-html\" data-id=\"c899712\" data-element_type=\"widget\" data-e-type=\"widget\" data-settings=\"{&quot;_animation&quot;:&quot;fadeInLeft&quot;}\" data-widget_type=\"html.default\">\n\t\t\t\t\t<section class=\"wrapper\">\n  <div class=\"top\">Tennis<\/div>\n  <div class=\"bottom\" aria-hidden=\"true\">Tennis<\/div>\n<\/section>\t\t\t\t<\/div>\n\t\t\t\t<div class=\"elementor-element elementor-element-62bc8fa elementor-widget-mobile__width-inherit elementor-widget elementor-widget-heading\" data-id=\"62bc8fa\" data-element_type=\"widget\" data-e-type=\"widget\" data-widget_type=\"heading.default\">\n\t\t\t\t\t<h2 class=\"elementor-heading-title elementor-size-default\">DESFORGES Jean-Baptiste<\/h2>\t\t\t\t<\/div>\n\t\t\t\t\t<\/div>\n\t\t\t\t<\/div>\n\t\t\t\t<\/div>\n\t\t\t\t\t<\/div>\n\t\t\t\t<\/div>\n\t\t<div class=\"elementor-element elementor-element-60445fb e-flex e-con-boxed e-con e-parent\" data-id=\"60445fb\" data-element_type=\"container\" data-e-type=\"container\">\n\t\t\t\t\t<div class=\"e-con-inner\">\n\t\t\t\t<div class=\"elementor-element elementor-element-1adc6d4 elementor-widget elementor-widget-text-editor\" data-id=\"1adc6d4\" data-element_type=\"widget\" data-e-type=\"widget\" data-widget_type=\"text-editor.default\">\n\t\t\t\t\t\t\t\t\t Bonjour \u00e0 tous !<br>\n Je suis tr\u00e8s heureux de vous aider \u00e0 am\u00e9liorer votre jeu. J&rsquo;ai plusieurs ann\u00e9es d&rsquo;exp\u00e9rience en tant que joueur et entra\u00eeneur de tennis, ce qui me permet de vous offrir des conseils et des instructions pr\u00e9cises pour am\u00e9liorer votre jeu. Je vais partager avec vous mes connaissances pour vous aider \u00e0 devenir plus fort et \u00e0 atteindre vos objectifs. Je vais vous montrer les techniques et les strat\u00e9gies pour am\u00e9liorer votre pr\u00e9cision, votre puissance et votre vitesse. Je peux \u00e9galement vous entra\u00eener \u00e0 jouer contre des adversaires plus forts pour vous aider \u00e0 d\u00e9velopper votre jeu. Egalement vous donner des conseils personnalis\u00e9s pour am\u00e9liorer votre technique et votre jeu. Mais aussi comment vous concentrer et vous adapter \u00e0 chaque situation. <br>\n\nJe m&rsquo;engage \u00e0 vous aider \u00e0 atteindre vos objectifs et \u00e0 devenir le meilleur joueur de tennis possible. Je me r\u00e9jouis de travailler avec vous pour am\u00e9liorer votre jeu et passer du bon temps sur le court !\t\t\t\t\t\t\t\t<\/div>\n\t\t\t\t\t<\/div>\n\t\t\t\t<\/div>\n\t\t<div class=\"elementor-element elementor-element-7c3a850c e-flex e-con-boxed e-con e-parent\" data-id=\"7c3a850c\" data-element_type=\"container\" data-e-type=\"container\">\n\t\t\t\t\t<div class=\"e-con-inner\">\n\t\t\t\t<div class=\"elementor-element elementor-element-5cd917de elementor-widget elementor-widget-text-editor\" data-id=\"5cd917de\" data-element_type=\"widget\" data-e-type=\"widget\" data-widget_type=\"text-editor.default\">\n\t\t\t\t\t\t\t\t\t<p>Tennis Club Arcachon | \u00a9 Jean-Batiste Desforges &#8211; Georges Aug\u00e9\u00a0 [\u00a0 TCA | 2023. All rights reserved.<\/p>\t\t\t\t\t\t\t\t<\/div>\n\t\t\t\t\t<\/div>\n\t\t\t\t<\/div>\n\t\t\t\t<\/div>\n\t\t","protected":false},"excerpt":{"rendered":"<p>Professeur de Tennis Tennis DESFORGES Jean-Baptiste Bonjour \u00e0 tous ! Je suis tr\u00e8s heureux de vous aider \u00e0 am\u00e9liorer votre jeu. J&rsquo;ai plusieurs ann\u00e9es d&rsquo;exp\u00e9rience en tant que joueur et entra\u00eeneur de tennis, ce qui me permet de vous offrir des conseils et des instructions pr\u00e9cises pour am\u00e9liorer votre jeu. Je vais partager avec vous [&hellip;]<\/p>\n","protected":false},"author":1,"featured_media":0,"parent":0,"menu_order":0,"comment_status":"closed","ping_status":"closed","template":"elementor_canvas","meta":{"footnotes":""},"class_list":["post-867","page","type-page","status-publish","hentry"],"_links":{"self":[{"href":"https:\/\/tennis-club-arcachon.com\/club\/wp-json\/wp\/v2\/pages\/867","targetHints":{"allow":["GET"]}}],"collection":[{"href":"https:\/\/tennis-club-arcachon.com\/club\/wp-json\/wp\/v2\/pages"}],"about":[{"href":"https:\/\/tennis-club-arcachon.com\/club\/wp-json\/wp\/v2\/types\/page"}],"author":[{"embeddable":true,"href":"https:\/\/tennis-club-arcachon.com\/club\/wp-json\/wp\/v2\/users\/1"}],"replies":[{"embeddable":true,"href":"https:\/\/tennis-club-arcachon.com\/club\/wp-json\/wp\/v2\/comments?post=867"}],"version-history":[{"count":0,"href":"https:\/\/tennis-club-arcachon.com\/club\/wp-json\/wp\/v2\/pages\/867\/revisions"}],"wp:attachment":[{"href":"https:\/\/tennis-club-arcachon.com\/club\/wp-json\/wp\/v2\/media?parent=867"}],"curies":[{"name":"wp","href":"https:\/\/api.w.org\/{rel}","templated":true}]}}